{"id":89,"date":"2020-10-05T13:01:38","date_gmt":"2020-10-05T13:01:38","guid":{"rendered":"https:\/\/vesnabeauty.de\/?page_id=89"},"modified":"2021-01-19T14:40:39","modified_gmt":"2021-01-19T14:40:39","slug":"covid-19","status":"publish","type":"page","link":"https:\/\/vesnabeauty.de\/index.php\/covid-19\/","title":{"rendered":"Covid-19"},"content":{"rendered":"<p><img loading=\"lazy\" class=\"wp-image-112 size-medium alignleft\" src=\"https:\/\/vesnabeauty.de\/wp-content\/uploads\/2020\/10\/DSC02629_bea-200x300.jpg\" alt=\"\" width=\"200\" height=\"300\" srcset=\"https:\/\/vesnabeauty.de\/wp-content\/uploads\/2020\/10\/DSC02629_bea-200x300.jpg 200w, https:\/\/vesnabeauty.de\/wp-content\/uploads\/2020\/10\/DSC02629_bea-683x1024.jpg 683w, https:\/\/vesnabeauty.de\/wp-content\/uploads\/2020\/10\/DSC02629_bea-768x1152.jpg 768w, https:\/\/vesnabeauty.de\/wp-content\/uploads\/2020\/10\/DSC02629_bea-1024x1536.jpg 1024w, https:\/\/vesnabeauty.de\/wp-content\/uploads\/2020\/10\/DSC02629_bea-1365x2048.jpg 1365w, https:\/\/vesnabeauty.de\/wp-content\/uploads\/2020\/10\/DSC02629_bea-1140x1710.jpg 1140w, https:\/\/vesnabeauty.de\/wp-content\/uploads\/2020\/10\/DSC02629_bea-scaled.jpg 1707w\" sizes=\"(max-width: 200px) 100vw, 200px\" \/><\/p>\n<p><img loading=\"lazy\" class=\"alignright wp-image-83 size-medium\" src=\"https:\/\/vesnabeauty.de\/wp-content\/uploads\/2020\/10\/bea-1-scaled-e1602279370682-197x300.jpg\" alt=\"\" width=\"197\" height=\"300\" srcset=\"https:\/\/vesnabeauty.de\/wp-content\/uploads\/2020\/10\/bea-1-scaled-e1602279370682-197x300.jpg 197w, https:\/\/vesnabeauty.de\/wp-content\/uploads\/2020\/10\/bea-1-scaled-e1602279370682-673x1024.jpg 673w, https:\/\/vesnabeauty.de\/wp-content\/uploads\/2020\/10\/bea-1-scaled-e1602279370682-768x1168.jpg 768w, https:\/\/vesnabeauty.de\/wp-content\/uploads\/2020\/10\/bea-1-scaled-e1602279370682-1010x1536.jpg 1010w, https:\/\/vesnabeauty.de\/wp-content\/uploads\/2020\/10\/bea-1-scaled-e1602279370682-1347x2048.jpg 1347w, https:\/\/vesnabeauty.de\/wp-content\/uploads\/2020\/10\/bea-1-scaled-e1602279370682-1140x1734.jpg 1140w, https:\/\/vesnabeauty.de\/wp-content\/uploads\/2020\/10\/bea-1-scaled-e1602279370682.jpg 1599w\" sizes=\"(max-width: 197px) 100vw, 197px\" \/><\/p>\n<p style=\"text-align: center;\">Liebe Kundinnen und Kunden,<\/p>\n<p style=\"text-align: center;\">selbstverst\u00e4ndlich halten wir uns an alle Hygienema\u00dfnahmen,<\/p>\n<p style=\"text-align: center;\">damit Sie und wir gesund bleiben.<\/p>\n<p>&nbsp;<\/p>\n<p style=\"text-align: center;\"><strong>Click and collect<\/strong><\/p>\n<p style=\"text-align: center;\">Sie k\u00f6nnen ihre Bestellung <a href=\"tel:+498131735905\">telefonisch<\/a> oder per <a href=\"mailto:info@vesnabeauty.de\">E-Mail<\/a> aufgeben und,<\/p>\n<p style=\"text-align: center;\">nach Termin Absprache, kontaktlos am Gesch\u00e4ft abholen.<\/p>\n<p style=\"text-align: center;\">Bitte tragen Sie daf\u00fcr eine <strong>FFP2 Maske<\/strong>!<\/p>\n<p>&nbsp;<\/p>\n<p style=\"text-align: center;\"><strong>Lieferservice<\/strong><\/p>\n<p style=\"text-align: center;\">Falls es Ihnen nicht m\u00f6glich ist pers\u00f6nlich zu kommen liefern<\/p>\n<p style=\"text-align: center;\">wir Ihnen Ihre Bestellung kostenlos nach Hause.<\/p>\n<p>&nbsp;<\/p>\n<p><img loading=\"lazy\" class=\"size-medium wp-image-82 aligncenter\" src=\"https:\/\/vesnabeauty.de\/wp-content\/uploads\/2020\/10\/ausschnitt-300x29.jpg\" alt=\"\" width=\"300\" height=\"29\" srcset=\"https:\/\/vesnabeauty.de\/wp-content\/uploads\/2020\/10\/ausschnitt-300x29.jpg 300w, https:\/\/vesnabeauty.de\/wp-content\/uploads\/2020\/10\/ausschnitt-1024x100.jpg 1024w, https:\/\/vesnabeauty.de\/wp-content\/uploads\/2020\/10\/ausschnitt-768x75.jpg 768w, https:\/\/vesnabeauty.de\/wp-content\/uploads\/2020\/10\/ausschnitt-1536x150.jpg 1536w, https:\/\/vesnabeauty.de\/wp-content\/uploads\/2020\/10\/ausschnitt-2048x200.jpg 2048w, https:\/\/vesnabeauty.de\/wp-content\/uploads\/2020\/10\/ausschnitt-1140x111.jpg 1140w\" sizes=\"(max-width: 300px) 100vw, 300px\" \/><\/p>\n<p style=\"text-align: center;\"><a href=\"http:\/\/www.dachau-handelt.de\">www.dachau-handelt.de<\/a><\/p>\n","protected":false},"excerpt":{"rendered":"<p>Liebe Kundinnen und Kunden, selbstverst\u00e4ndlich halten wir uns an alle Hygienema\u00dfnahmen, damit Sie und wir gesund bleiben. &nbsp; Click and collect Sie k\u00f6nnen ihre Bestellung telefonisch oder per E-Mail aufgeben und, nach Termin Absprache, kontaktlos am Gesch\u00e4ft abholen. Bitte tragen Sie daf\u00fcr eine FFP2 Maske! &nbsp; Lieferservice Falls es Ihnen nicht m\u00f6glich ist pers\u00f6nlich zu kommen liefern wir Ihnen Ihre Bestellung kostenlos nach Hause. &nbsp; www.dachau-handelt.de<\/p>\n","protected":false},"author":1,"featured_media":0,"parent":0,"menu_order":0,"comment_status":"closed","ping_status":"closed","template":"","meta":[],"yoast_head":"<!-- This site is optimized with the Yoast SEO plugin v19.9 - https:\/\/yoast.com\/wordpress\/plugins\/seo\/ -->\n<title>Covid-19 - Vesna<\/title>\n<meta name=\"robots\" content=\"index, follow, max-snippet:-1, max-image-preview:large, max-video-preview:-1\" \/>\n<link rel=\"canonical\" href=\"https:\/\/vesnabeauty.de\/index.php\/covid-19\/\" \/>\n<meta property=\"og:locale\" content=\"de_DE\" \/>\n<meta property=\"og:type\" content=\"article\" \/>\n<meta property=\"og:title\" content=\"Covid-19 - Vesna\" \/>\n<meta property=\"og:description\" content=\"Liebe Kundinnen und Kunden, selbstverst\u00e4ndlich halten wir uns an alle Hygienema\u00dfnahmen, damit Sie und wir gesund bleiben. &nbsp; Click and collect Sie k\u00f6nnen ihre Bestellung telefonisch oder per E-Mail aufgeben und, nach Termin Absprache, kontaktlos am Gesch\u00e4ft abholen. Bitte tragen Sie daf\u00fcr eine FFP2 Maske! &nbsp; Lieferservice Falls es Ihnen nicht m\u00f6glich ist pers\u00f6nlich zu kommen liefern wir Ihnen Ihre Bestellung kostenlos nach Hause. &nbsp; www.dachau-handelt.de\" \/>\n<meta property=\"og:url\" content=\"https:\/\/vesnabeauty.de\/index.php\/covid-19\/\" \/>\n<meta property=\"og:site_name\" content=\"Vesna\" \/>\n<meta property=\"article:modified_time\" content=\"2021-01-19T14:40:39+00:00\" \/>\n<meta property=\"og:image\" content=\"https:\/\/vesnabeauty.de\/wp-content\/uploads\/2020\/10\/DSC02629_bea-200x300.jpg\" \/>\n<meta name=\"twitter:card\" content=\"summary_large_image\" \/>\n<script type=\"application\/ld+json\" class=\"yoast-schema-graph\">{\"@context\":\"https:\/\/schema.org\",\"@graph\":[{\"@type\":\"WebPage\",\"@id\":\"https:\/\/vesnabeauty.de\/index.php\/covid-19\/\",\"url\":\"https:\/\/vesnabeauty.de\/index.php\/covid-19\/\",\"name\":\"Covid-19 - Vesna\",\"isPartOf\":{\"@id\":\"https:\/\/vesnabeauty.de\/#website\"},\"datePublished\":\"2020-10-05T13:01:38+00:00\",\"dateModified\":\"2021-01-19T14:40:39+00:00\",\"breadcrumb\":{\"@id\":\"https:\/\/vesnabeauty.de\/index.php\/covid-19\/#breadcrumb\"},\"inLanguage\":\"de\",\"potentialAction\":[{\"@type\":\"ReadAction\",\"target\":[\"https:\/\/vesnabeauty.de\/index.php\/covid-19\/\"]}]},{\"@type\":\"BreadcrumbList\",\"@id\":\"https:\/\/vesnabeauty.de\/index.php\/covid-19\/#breadcrumb\",\"itemListElement\":[{\"@type\":\"ListItem\",\"position\":1,\"name\":\"Home\",\"item\":\"https:\/\/vesnabeauty.de\/\"},{\"@type\":\"ListItem\",\"position\":2,\"name\":\"Covid-19\"}]},{\"@type\":\"WebSite\",\"@id\":\"https:\/\/vesnabeauty.de\/#website\",\"url\":\"https:\/\/vesnabeauty.de\/\",\"name\":\"Vesna\",\"description\":\"Parf\u00fcmerie &amp; Beauty\",\"publisher\":{\"@id\":\"https:\/\/vesnabeauty.de\/#organization\"},\"potentialAction\":[{\"@type\":\"SearchAction\",\"target\":{\"@type\":\"EntryPoint\",\"urlTemplate\":\"https:\/\/vesnabeauty.de\/?s={search_term_string}\"},\"query-input\":\"required name=search_term_string\"}],\"inLanguage\":\"de\"},{\"@type\":\"Organization\",\"@id\":\"https:\/\/vesnabeauty.de\/#organization\",\"name\":\"Vesna\",\"url\":\"https:\/\/vesnabeauty.de\/\",\"logo\":{\"@type\":\"ImageObject\",\"inLanguage\":\"de\",\"@id\":\"https:\/\/vesnabeauty.de\/#\/schema\/logo\/image\/\",\"url\":\"https:\/\/vesnabeauty.de\/wp-content\/uploads\/2020\/10\/cropped-Logo-Quadratisch-1_Zuschnitt-5.jpg\",\"contentUrl\":\"https:\/\/vesnabeauty.de\/wp-content\/uploads\/2020\/10\/cropped-Logo-Quadratisch-1_Zuschnitt-5.jpg\",\"width\":1542,\"height\":1539,\"caption\":\"Vesna\"},\"image\":{\"@id\":\"https:\/\/vesnabeauty.de\/#\/schema\/logo\/image\/\"}}]}<\/script>\n<!-- \/ Yoast SEO plugin. -->","yoast_head_json":{"title":"Covid-19 - Vesna","robots":{"index":"index","follow":"follow","max-snippet":"max-snippet:-1","max-image-preview":"max-image-preview:large","max-video-preview":"max-video-preview:-1"},"canonical":"https:\/\/vesnabeauty.de\/index.php\/covid-19\/","og_locale":"de_DE","og_type":"article","og_title":"Covid-19 - Vesna","og_description":"Liebe Kundinnen und Kunden, selbstverst\u00e4ndlich halten wir uns an alle Hygienema\u00dfnahmen, damit Sie und wir gesund bleiben. &nbsp; Click and collect Sie k\u00f6nnen ihre Bestellung telefonisch oder per E-Mail aufgeben und, nach Termin Absprache, kontaktlos am Gesch\u00e4ft abholen. Bitte tragen Sie daf\u00fcr eine FFP2 Maske! &nbsp; Lieferservice Falls es Ihnen nicht m\u00f6glich ist pers\u00f6nlich zu kommen liefern wir Ihnen Ihre Bestellung kostenlos nach Hause. &nbsp; www.dachau-handelt.de","og_url":"https:\/\/vesnabeauty.de\/index.php\/covid-19\/","og_site_name":"Vesna","article_modified_time":"2021-01-19T14:40:39+00:00","og_image":[{"url":"https:\/\/vesnabeauty.de\/wp-content\/uploads\/2020\/10\/DSC02629_bea-200x300.jpg"}],"twitter_card":"summary_large_image","schema":{"@context":"https:\/\/schema.org","@graph":[{"@type":"WebPage","@id":"https:\/\/vesnabeauty.de\/index.php\/covid-19\/","url":"https:\/\/vesnabeauty.de\/index.php\/covid-19\/","name":"Covid-19 - Vesna","isPartOf":{"@id":"https:\/\/vesnabeauty.de\/#website"},"datePublished":"2020-10-05T13:01:38+00:00","dateModified":"2021-01-19T14:40:39+00:00","breadcrumb":{"@id":"https:\/\/vesnabeauty.de\/index.php\/covid-19\/#breadcrumb"},"inLanguage":"de","potentialAction":[{"@type":"ReadAction","target":["https:\/\/vesnabeauty.de\/index.php\/covid-19\/"]}]},{"@type":"BreadcrumbList","@id":"https:\/\/vesnabeauty.de\/index.php\/covid-19\/#breadcrumb","itemListElement":[{"@type":"ListItem","position":1,"name":"Home","item":"https:\/\/vesnabeauty.de\/"},{"@type":"ListItem","position":2,"name":"Covid-19"}]},{"@type":"WebSite","@id":"https:\/\/vesnabeauty.de\/#website","url":"https:\/\/vesnabeauty.de\/","name":"Vesna","description":"Parf\u00fcmerie &amp; Beauty","publisher":{"@id":"https:\/\/vesnabeauty.de\/#organization"},"potentialAction":[{"@type":"SearchAction","target":{"@type":"EntryPoint","urlTemplate":"https:\/\/vesnabeauty.de\/?s={search_term_string}"},"query-input":"required name=search_term_string"}],"inLanguage":"de"},{"@type":"Organization","@id":"https:\/\/vesnabeauty.de\/#organization","name":"Vesna","url":"https:\/\/vesnabeauty.de\/","logo":{"@type":"ImageObject","inLanguage":"de","@id":"https:\/\/vesnabeauty.de\/#\/schema\/logo\/image\/","url":"https:\/\/vesnabeauty.de\/wp-content\/uploads\/2020\/10\/cropped-Logo-Quadratisch-1_Zuschnitt-5.jpg","contentUrl":"https:\/\/vesnabeauty.de\/wp-content\/uploads\/2020\/10\/cropped-Logo-Quadratisch-1_Zuschnitt-5.jpg","width":1542,"height":1539,"caption":"Vesna"},"image":{"@id":"https:\/\/vesnabeauty.de\/#\/schema\/logo\/image\/"}}]}},"acf":[],"_links":{"self":[{"href":"https:\/\/vesnabeauty.de\/index.php\/wp-json\/wp\/v2\/pages\/89"}],"collection":[{"href":"https:\/\/vesnabeauty.de\/index.php\/wp-json\/wp\/v2\/pages"}],"about":[{"href":"https:\/\/vesnabeauty.de\/index.php\/wp-json\/wp\/v2\/types\/page"}],"author":[{"embeddable":true,"href":"https:\/\/vesnabeauty.de\/index.php\/wp-json\/wp\/v2\/users\/1"}],"replies":[{"embeddable":true,"href":"https:\/\/vesnabeauty.de\/index.php\/wp-json\/wp\/v2\/comments?post=89"}],"version-history":[{"count":18,"href":"https:\/\/vesnabeauty.de\/index.php\/wp-json\/wp\/v2\/pages\/89\/revisions"}],"predecessor-version":[{"id":243,"href":"https:\/\/vesnabeauty.de\/index.php\/wp-json\/wp\/v2\/pages\/89\/revisions\/243"}],"wp:attachment":[{"href":"https:\/\/vesnabeauty.de\/index.php\/wp-json\/wp\/v2\/media?parent=89"}],"curies":[{"name":"wp","href":"https:\/\/api.w.org\/{rel}","templated":true}]}}